{"id":12,"date":"2020-04-29T15:02:32","date_gmt":"2020-04-29T15:02:32","guid":{"rendered":"http:\/\/4x4-reisemobil.de\/?page_id=12"},"modified":"2021-04-15T17:48:39","modified_gmt":"2021-04-15T15:48:39","slug":"das-fahrzeug-im-ursprungszustand","status":"publish","type":"page","link":"https:\/\/martins-sprinter.de\/","title":{"rendered":"Das Fahrzeug nach dem Allrad-Umbau"},"content":{"rendered":"\n<figure class=\"wp-block-image size-large\"><img loading=\"lazy\" decoding=\"async\" width=\"768\" height=\"1024\" src=\"http:\/\/martins-sprinter.de\/wp-content\/uploads\/2021\/04\/20210414_152556_ergebnis-768x1024.jpg\" alt=\"\" class=\"wp-image-231\" srcset=\"https:\/\/martins-sprinter.de\/wp-content\/uploads\/2021\/04\/20210414_152556_ergebnis-768x1024.jpg 768w, https:\/\/martins-sprinter.de\/wp-content\/uploads\/2021\/04\/20210414_152556_ergebnis-225x300.jpg 225w, https:\/\/martins-sprinter.de\/wp-content\/uploads\/2021\/04\/20210414_152556_ergebnis.jpg 810w\" sizes=\"auto, (max-width: 768px) 100vw, 768px\" \/><\/figure>\n\n\n\n<p style=\"font-size:24px\">F\u00fcr Leser meiner bisherigen Website <a href=\"http:\/\/martins-reisemobil.de\" data-type=\"URL\" data-id=\"martins-reisemobil.de\" target=\"_blank\" rel=\"noreferrer noopener\">martins-reisemobil.de<\/a> <br>(fr\u00fcher: 4X4-eigenbau.de) :<\/p>\n\n\n\n<p class=\"has-medium-font-size\">Warum schon wieder ein neues Fahrzeug?<br>Mehrere Gr\u00fcnde:<\/p>\n\n\n\n<ul class=\"wp-block-list\"><li>Ein deutlich kleineres Fahrzeug, vor allem f\u00fcr Europa<br>sozusagen &#8222;f\u00fcr den kleinen Hunger zwischendurch&#8220;<\/li><li>Unter 3,5t, damit keine Geschwindigkeitsbegrenzung und schnelleres Fortkommen<\/li><li>Da meine Nordamerikareise leider Corona zum Opfer gefallen ist, habe ich im Sommer viel Zeit<\/li><li>Und es macht einfach Spa\u00df wieder bauen zu k\u00f6nnen<\/li><\/ul>\n\n\n\n<h3 class=\"wp-block-heading\">Die Ausbaugeschichte kann \u00fcber die Beitr\u00e4ge verfolgt werden<\/h3>\n","protected":false},"excerpt":{"rendered":"<p>F\u00fcr Leser meiner bisherigen Website martins-reisemobil.de (fr\u00fcher: 4X4-eigenbau.de) : Warum schon wieder ein neues Fahrzeug?Mehrere Gr\u00fcnde: Ein deutlich kleineres Fahrzeug, vor allem f\u00fcr Europasozusagen &#8222;f\u00fcr den kleinen Hunger zwischendurch&#8220; Unter 3,5t, damit keine Geschwindigkeitsbegrenzung und schnelleres Fortkommen Da meine Nordamerikareise leider Corona zum Opfer gefallen ist, habe ich im Sommer viel Zeit Und es macht &#8230; <a title=\"Das Fahrzeug nach dem Allrad-Umbau\" class=\"read-more\" href=\"https:\/\/martins-sprinter.de\/\" aria-label=\"Mehr Informationen \u00fcber Das Fahrzeug nach dem Allrad-Umbau\">Weiterlesen<\/a><\/p>\n","protected":false},"author":1,"featured_media":0,"parent":0,"menu_order":0,"comment_status":"closed","ping_status":"closed","template":"","meta":{"footnotes":""},"class_list":["post-12","page","type-page","status-publish"],"_links":{"self":[{"href":"https:\/\/martins-sprinter.de\/index.php?rest_route=\/wp\/v2\/pages\/12","targetHints":{"allow":["GET"]}}],"collection":[{"href":"https:\/\/martins-sprinter.de\/index.php?rest_route=\/wp\/v2\/pages"}],"about":[{"href":"https:\/\/martins-sprinter.de\/index.php?rest_route=\/wp\/v2\/types\/page"}],"author":[{"embeddable":true,"href":"https:\/\/martins-sprinter.de\/index.php?rest_route=\/wp\/v2\/users\/1"}],"replies":[{"embeddable":true,"href":"https:\/\/martins-sprinter.de\/index.php?rest_route=%2Fwp%2Fv2%2Fcomments&post=12"}],"version-history":[{"count":3,"href":"https:\/\/martins-sprinter.de\/index.php?rest_route=\/wp\/v2\/pages\/12\/revisions"}],"predecessor-version":[{"id":242,"href":"https:\/\/martins-sprinter.de\/index.php?rest_route=\/wp\/v2\/pages\/12\/revisions\/242"}],"wp:attachment":[{"href":"https:\/\/martins-sprinter.de\/index.php?rest_route=%2Fwp%2Fv2%2Fmedia&parent=12"}],"curies":[{"name":"wp","href":"https:\/\/api.w.org\/{rel}","templated":true}]}}