{"id":18,"date":"2020-04-29T15:02:51","date_gmt":"2020-04-29T15:02:51","guid":{"rendered":"http:\/\/4x4-reisemobil.de\/?page_id=18"},"modified":"2020-04-29T15:02:51","modified_gmt":"2020-04-29T15:02:51","slug":"fahrzeugbeschreibung","status":"publish","type":"page","link":"https:\/\/martins-sprinter.de\/?page_id=18","title":{"rendered":"Fahrzeugbeschreibung"},"content":{"rendered":"\n<p class=\"has-medium-font-size\">Bei der Fahrzeugauswahl waren f\u00fcr mich einige Kriterien entscheidend:<\/p>\n\n\n\n<ul class=\"wp-block-list\"><li>Kastenwagen (kompakt, 3,5t max)<\/li><li>nicht die neueste Baureihe (keine Kinderkrankheiten mehr, reichhaltiges Zubeh\u00f6rangebot)<br>beim Sprinter ist dies die Baureihe W906 (gebaut bis Sommer 2018)<\/li><li>der mittlere Radstand (3665mm), um einerseits Platz f\u00fcr den Ausbau zu haben, andererseits noch handlich genug <\/li><li>das mittlere Hochdach (Stehh\u00f6he)<\/li><li>den st\u00e4rkeren Motor (V6, 3l, 190PS), keinen hochgez\u00fcchteten PKW-Motor (CDI 319)<\/li><li>Getriebeautomatik<\/li><li>einige Komfortextras wie Klimaanlage, Tempomat, Schwingsitze, etc<\/li><\/ul>\n\n\n\n<p class=\"has-medium-font-size\">Ein solches Fahrzeug habe ich auch gefunden: EZ 11\/17, nur 18.000km gelaufen<br>Nutzbare Aufbauma\u00dfe: L 3270mm, B 1770mm, H 1940mm<\/p>\n\n\n\n<figure class=\"wp-block-gallery columns-3 is-cropped wp-block-gallery-1 is-layout-flex wp-block-gallery-is-layout-flex\"><ul class=\"blocks-gallery-grid\"><li class=\"blocks-gallery-item\"><figure><img loading=\"lazy\" decoding=\"async\" width=\"768\" height=\"1024\" src=\"http:\/\/4x4-reisemobil.de\/wp-content\/uploads\/2020\/04\/20200424_153958-768x1024.jpg\" alt=\"\" data-id=\"37\" data-full-url=\"http:\/\/4x4-reisemobil.de\/wp-content\/uploads\/2020\/04\/20200424_153958-rotated.jpg\" data-link=\"http:\/\/4x4-reisemobil.de\/?attachment_id=37#main\" class=\"wp-image-37\" srcset=\"https:\/\/martins-sprinter.de\/wp-content\/uploads\/2020\/04\/20200424_153958-768x1024.jpg 768w, https:\/\/martins-sprinter.de\/wp-content\/uploads\/2020\/04\/20200424_153958-225x300.jpg 225w, https:\/\/martins-sprinter.de\/wp-content\/uploads\/2020\/04\/20200424_153958-1152x1536.jpg 1152w, https:\/\/martins-sprinter.de\/wp-content\/uploads\/2020\/04\/20200424_153958-rotated.jpg 1356w\" sizes=\"auto, (max-width: 768px) 100vw, 768px\" \/><\/figure><\/li><li class=\"blocks-gallery-item\"><figure><img loading=\"lazy\" decoding=\"async\" width=\"1024\" height=\"768\" src=\"http:\/\/4x4-reisemobil.de\/wp-content\/uploads\/2020\/04\/20200424_154125-1024x768.jpg\" alt=\"\" data-id=\"38\" data-full-url=\"http:\/\/4x4-reisemobil.de\/wp-content\/uploads\/2020\/04\/20200424_154125-rotated.jpg\" data-link=\"http:\/\/4x4-reisemobil.de\/?attachment_id=38#main\" class=\"wp-image-38\" srcset=\"https:\/\/martins-sprinter.de\/wp-content\/uploads\/2020\/04\/20200424_154125-1024x768.jpg 1024w, https:\/\/martins-sprinter.de\/wp-content\/uploads\/2020\/04\/20200424_154125-300x225.jpg 300w, https:\/\/martins-sprinter.de\/wp-content\/uploads\/2020\/04\/20200424_154125-768x576.jpg 768w, https:\/\/martins-sprinter.de\/wp-content\/uploads\/2020\/04\/20200424_154125-1536x1152.jpg 1536w, https:\/\/martins-sprinter.de\/wp-content\/uploads\/2020\/04\/20200424_154125-rotated.jpg 1808w\" sizes=\"auto, (max-width: 1024px) 100vw, 1024px\" \/><\/figure><\/li><li class=\"blocks-gallery-item\"><figure><img loading=\"lazy\" decoding=\"async\" width=\"1024\" height=\"768\" src=\"http:\/\/4x4-reisemobil.de\/wp-content\/uploads\/2020\/04\/20200424_154430-1024x768.jpg\" alt=\"\" data-id=\"39\" data-full-url=\"http:\/\/4x4-reisemobil.de\/wp-content\/uploads\/2020\/04\/20200424_154430-rotated.jpg\" data-link=\"http:\/\/4x4-reisemobil.de\/?attachment_id=39#main\" class=\"wp-image-39\" srcset=\"https:\/\/martins-sprinter.de\/wp-content\/uploads\/2020\/04\/20200424_154430-1024x768.jpg 1024w, https:\/\/martins-sprinter.de\/wp-content\/uploads\/2020\/04\/20200424_154430-300x225.jpg 300w, https:\/\/martins-sprinter.de\/wp-content\/uploads\/2020\/04\/20200424_154430-768x576.jpg 768w, https:\/\/martins-sprinter.de\/wp-content\/uploads\/2020\/04\/20200424_154430-1536x1152.jpg 1536w, https:\/\/martins-sprinter.de\/wp-content\/uploads\/2020\/04\/20200424_154430-rotated.jpg 1808w\" sizes=\"auto, (max-width: 1024px) 100vw, 1024px\" \/><\/figure><\/li><\/ul><\/figure>\n","protected":false},"excerpt":{"rendered":"<p>Bei der Fahrzeugauswahl waren f\u00fcr mich einige Kriterien entscheidend: Kastenwagen (kompakt, 3,5t max) nicht die neueste Baureihe (keine Kinderkrankheiten mehr, reichhaltiges Zubeh\u00f6rangebot)beim Sprinter ist dies die Baureihe W906 (gebaut bis Sommer 2018) der mittlere Radstand (3665mm), um einerseits Platz f\u00fcr den Ausbau zu haben, andererseits noch handlich genug das mittlere Hochdach (Stehh\u00f6he) den st\u00e4rkeren Motor &#8230; <a title=\"Fahrzeugbeschreibung\" class=\"read-more\" href=\"https:\/\/martins-sprinter.de\/?page_id=18\" aria-label=\"Mehr Informationen \u00fcber Fahrzeugbeschreibung\">Weiterlesen<\/a><\/p>\n","protected":false},"author":1,"featured_media":0,"parent":0,"menu_order":0,"comment_status":"closed","ping_status":"closed","template":"","meta":{"footnotes":""},"class_list":["post-18","page","type-page","status-publish"],"_links":{"self":[{"href":"https:\/\/martins-sprinter.de\/index.php?rest_route=\/wp\/v2\/pages\/18","targetHints":{"allow":["GET"]}}],"collection":[{"href":"https:\/\/martins-sprinter.de\/index.php?rest_route=\/wp\/v2\/pages"}],"about":[{"href":"https:\/\/martins-sprinter.de\/index.php?rest_route=\/wp\/v2\/types\/page"}],"author":[{"embeddable":true,"href":"https:\/\/martins-sprinter.de\/index.php?rest_route=\/wp\/v2\/users\/1"}],"replies":[{"embeddable":true,"href":"https:\/\/martins-sprinter.de\/index.php?rest_route=%2Fwp%2Fv2%2Fcomments&post=18"}],"version-history":[{"count":0,"href":"https:\/\/martins-sprinter.de\/index.php?rest_route=\/wp\/v2\/pages\/18\/revisions"}],"wp:attachment":[{"href":"https:\/\/martins-sprinter.de\/index.php?rest_route=%2Fwp%2Fv2%2Fmedia&parent=18"}],"curies":[{"name":"wp","href":"https:\/\/api.w.org\/{rel}","templated":true}]}}